{"id":84,"date":"2021-06-13T22:25:07","date_gmt":"2021-06-13T22:25:07","guid":{"rendered":"https:\/\/wordpress-722045-2428611.cloudwaysapps.com\/?page_id=23012"},"modified":"2021-06-13T22:25:07","modified_gmt":"2021-06-13T22:25:07","slug":"przykladowy-uklad-listy-ofert-pracy","status":"publish","type":"page","link":"https:\/\/jmconnect.nl\/pl\/browse-jobs-list-layout-sample\/","title":{"rendered":"Przegl\u0105danie ofert pracy - uk\u0142ad listy"},"content":{"rendered":"<div class=\"job_listings \" data-location=\"\" data-keywords=\"\" data-show_filters=\"false\" data-show_pagination=\"true\" data-job_types=\"\" data-featured=\"\" data-filled=\"\" data-remote_position=\"\" data-per_page=\"10\" data-orderby=\"featured\" data-order=\"DESC\" data-list_layout=\"list\" data-categories=\"\" data-disable-form-state-storage=\"\" data-post_id=\"193\" >\r\n            <!-- Listings Loader -->\r\n            <div class=\"listings-loader\">\r\n                <div class=\"spinner\">\r\n                  <div class=\"double-bounce1\"><\/div>\r\n                  <div class=\"double-bounce2\"><\/div>\r\n                <\/div>\r\n            <\/div>\r\n            \r\n            <ul class=\"job_listings job-list full     new-layout hide-desc\" >\r\n\r\n            \t\t<!-- Listing -->\n\t\t<li  data-longitude=\"-0.0010369\" data-latitude=\"51.5426313\" data-color=\"#dd9933\" data-title=\"Floral Bouquits maker\" data-image=\"https:\/\/lbuq03cutv-staging.onrocket.site\/wp-content\/uploads\/2018\/03\/placeholder.png\" data-company=\"King LLC\" data-address=\"Utrecht\" data-job_type=\"&lt;span class=&quot;job-type temporary&quot;&gt;Temporary&lt;\/span&gt;\" data-job_id=\"187\" data-rate=\"\" data-salary=\"\" data-job_type_class=\"temporary\" >\n\t\t\t<a href=\"https:\/\/jmconnect.nl\/pl\/job\/restaurant-dishwasher\/\" class=\"left post-187 job_listing type-job_listing status-publish has-post-thumbnail hentry job_listing_region-utrecht job_listing_type-temporary job_listing_tag-food-service job_listing_tag-kitchen-hygiene job-type-temporary job_position_featured\" data-longitude=\"-0.0010369\" data-latitude=\"51.5426313\">\n\t\t\t\t<div class=\"listing-logo\">\n\t\t\t\t\t<img decoding=\"async\" class=\"company_logo\" src=\"\" alt=\"King LLC\" \/>\t\t\t\t<\/div>\n\t\t\t\t<div class=\"listing-title\">\n\t\t\t\t\t<h4>Floral Bouquits maker\t\t\t\t\t\t<div class=\"listing-types-list\"><span class=\"job-type temporary\">Temporary<\/span><\/div>\n\n\t\t\t\t\t<\/h4>\n\n\t\t\t\t\t<ul class=\"listing-icons\">\n\t\t\t\t\t\t\n\t\t\t\t\t\t\t\t\t\t\t\t\t\t\t\t\t\t\t<li><i class=\"icon-material-outline-business\"><\/i> King LLC<\/li>\n\t\t\t\t\t\t\n\t\t\t\t\t\t\t\t\t\t\t\t\t<li><i class=\"icon-material-outline-location-on\"><\/i>  Utrecht<\/li>\n\t\t\t\t\t\t\n\t\t\t\t\t\t\n\t\t\t\t\t\t\t\t\t\t\t\t\t\t\t\t\t\t\t\t\t\t\t\t\n\n\t\t\t\t\t\t\t\t\t\t\t\t\t\t\t\t\t\t\t<div class=\"listing-desc\"><p>The Dishwasher is responsible for proper use, care, and maintenance of the dish machine. The Dishwasher is also responsible for minor interior and exterior maintenance (snow &amp; ice removal, trash&#8230;<\/p>\n<\/div>\n\t\t\t\t\t\t\n\n\t\t\t\t\t<\/ul>\n\n\t\t\t\t<\/div>\n\t\t\t<\/a>\n\t\t<\/li>\n\t\t\t<!-- Listing -->\n\t\t<li  data-longitude=\"\" data-latitude=\"\" data-color=\"#81d742\" data-title=\"Zelfstandig werkende Kok (Niveau 1)\" data-image=\"https:\/\/lbuq03cutv-staging.onrocket.site\/wp-content\/uploads\/2018\/03\/placeholder.png\" data-company=\"Fong Sheng\" data-address=\"Tollebeek\" data-job_type=\"&lt;span class=&quot;job-type full-time&quot;&gt;Full Time&lt;\/span&gt;\" data-job_id=\"529\" data-rate=\"\" data-salary=\"\" data-job_type_class=\"full-time\" >\n\t\t\t<a href=\"https:\/\/jmconnect.nl\/pl\/job\/zelfstandig-werkende-kok-niveau-1\/\" class=\"left post-529 job_listing type-job_listing status-publish hentry job_listing_region-tollebeek job_listing_type-full-time job-type-full-time\" data-longitude=\"\" data-latitude=\"\">\n\t\t\t\t<div class=\"listing-logo\">\n\t\t\t\t\t<img decoding=\"async\" class=\"company_logo\" src=\"https:\/\/lbuq03cutv-staging.onrocket.site\/wp-content\/uploads\/2018\/03\/placeholder.png\" alt=\"\" \/>\t\t\t\t<\/div>\n\t\t\t\t<div class=\"listing-title\">\n\t\t\t\t\t<h4>Zelfstandig werkende Kok (Niveau 1)\t\t\t\t\t\t<div class=\"listing-types-list\"><span class=\"job-type full-time\">Full Time<\/span><\/div>\n\n\t\t\t\t\t<\/h4>\n\n\t\t\t\t\t<ul class=\"listing-icons\">\n\t\t\t\t\t\t\n\t\t\t\t\t\t\t\t\t\t\t\t\t\t\t\t\t\t\t<li><i class=\"icon-material-outline-business\"><\/i> Fong Sheng<\/li>\n\t\t\t\t\t\t\n\t\t\t\t\t\t\t\t\t\t\t\t\t<li><i class=\"icon-material-outline-location-on\"><\/i>  Tollebeek<\/li>\n\t\t\t\t\t\t\n\t\t\t\t\t\t\n\t\t\t\t\t\t\t\t\t\t\t\t\t\t\t\t\t\t\t\t\t\t\t\t\n\n\t\t\t\t\t\t\t\t\t\t\t\t\t\t\t\t\t\t\t<div class=\"listing-desc\"><p>Zelfstandig werkende Kok (Niveau 1) restaurant Fong Sheng Voor het restaurant\/ afhaalcentrum Fong Sheng in Tollebeek, Noordoostpolder zijn wij op zoek naar een zelfstandig werkende kok, niveau 1. Voor meer&#8230;<\/p>\n<\/div>\n\t\t\t\t\t\t\n\n\t\t\t\t\t<\/ul>\n\n\t\t\t\t<\/div>\n\t\t\t<\/a>\n\t\t<\/li>\n\t\t\t<!-- Listing -->\n\t\t<li  data-longitude=\"\" data-latitude=\"\" data-color=\"#dd9933\" data-title=\"Heftruckchauffeur\" data-image=\"https:\/\/lbuq03cutv-staging.onrocket.site\/wp-content\/uploads\/2018\/03\/placeholder.png\" data-company=\"JM Connect.\" data-address=\"Aalsmeer\" data-job_type=\"&lt;span class=&quot;job-type temporary&quot;&gt;Temporary&lt;\/span&gt;\" data-job_id=\"522\" data-rate=\"\" data-salary=\"\" data-job_type_class=\"temporary\" >\n\t\t\t<a href=\"https:\/\/jmconnect.nl\/pl\/?post_type=job_listing&#038;p=522\" class=\"left post-522 job_listing type-job_listing status-expired hentry job_listing_region-aalsmeer job_listing_category-cnc job_listing_type-temporary job-type-temporary\" data-longitude=\"\" data-latitude=\"\">\n\t\t\t\t<div class=\"listing-logo\">\n\t\t\t\t\t<img decoding=\"async\" class=\"company_logo\" src=\"https:\/\/lbuq03cutv-staging.onrocket.site\/wp-content\/uploads\/2018\/03\/placeholder.png\" alt=\"\" \/>\t\t\t\t<\/div>\n\t\t\t\t<div class=\"listing-title\">\n\t\t\t\t\t<h4>Heftruckchauffeur\t\t\t\t\t\t<div class=\"listing-types-list\"><span class=\"job-type temporary\">Temporary<\/span><\/div>\n\n\t\t\t\t\t<\/h4>\n\n\t\t\t\t\t<ul class=\"listing-icons\">\n\t\t\t\t\t\t\n\t\t\t\t\t\t\t\t\t\t\t\t\t\t\t\t\t\t\t<li><i class=\"icon-material-outline-business\"><\/i> JM Connect.<\/li>\n\t\t\t\t\t\t\n\t\t\t\t\t\t\t\t\t\t\t\t\t<li><i class=\"icon-material-outline-location-on\"><\/i>  Aalsmeer<\/li>\n\t\t\t\t\t\t\n\t\t\t\t\t\t\n\t\t\t\t\t\t\t\t\t\t\t\t\t\t\t\t\t\t\t\t\t\t\t\t\n\n\t\t\t\t\t\t\t\t\t\t\t\t\t\t\t\t\t\t\t<div class=\"listing-desc\"><p>Heb jij ervaring als heftruckchauffeur en een geldig heftruckcertificaat? Werk je graag in een dynamische logistieke omgeving waar veiligheid en teamwork centraal staan? Dan hebben wij d\u00e9 baan voor jou&#8230;<\/p>\n<\/div>\n\t\t\t\t\t\t\n\n\t\t\t\t\t<\/ul>\n\n\t\t\t\t<\/div>\n\t\t\t<\/a>\n\t\t<\/li>\n\t\t\t<!-- Listing -->\n\t\t<li  data-longitude=\"\" data-latitude=\"\" data-color=\"#81d742\" data-title=\"Test vacature\" data-image=\"https:\/\/lbuq03cutv-staging.onrocket.site\/wp-content\/uploads\/2018\/03\/placeholder.png\" data-company=\"JM Connect.\" data-address=\"Aalsmeer\" data-job_type=\"&lt;span class=&quot;job-type full-time&quot;&gt;Full Time&lt;\/span&gt;\" data-job_id=\"448\" data-rate=\"\" data-salary=\"\" data-job_type_class=\"full-time\" >\n\t\t\t<a href=\"https:\/\/jmconnect.nl\/pl\/?post_type=job_listing&#038;p=448\" class=\"left post-448 job_listing type-job_listing status-expired hentry job_listing_region-aalsmeer job_listing_category-constructiebankwerken job_listing_type-full-time job-type-full-time\" data-longitude=\"\" data-latitude=\"\">\n\t\t\t\t<div class=\"listing-logo\">\n\t\t\t\t\t<img decoding=\"async\" class=\"company_logo\" src=\"https:\/\/lbuq03cutv-staging.onrocket.site\/wp-content\/uploads\/2018\/03\/placeholder.png\" alt=\"\" \/>\t\t\t\t<\/div>\n\t\t\t\t<div class=\"listing-title\">\n\t\t\t\t\t<h4>Test vacature\t\t\t\t\t\t<div class=\"listing-types-list\"><span class=\"job-type full-time\">Full Time<\/span><\/div>\n\n\t\t\t\t\t<\/h4>\n\n\t\t\t\t\t<ul class=\"listing-icons\">\n\t\t\t\t\t\t\n\t\t\t\t\t\t\t\t\t\t\t\t\t\t\t\t\t\t\t<li><i class=\"icon-material-outline-business\"><\/i> JM Connect.<\/li>\n\t\t\t\t\t\t\n\t\t\t\t\t\t\t\t\t\t\t\t\t<li><i class=\"icon-material-outline-location-on\"><\/i>  Aalsmeer<\/li>\n\t\t\t\t\t\t\n\t\t\t\t\t\t\n\t\t\t\t\t\t\t\t\t\t\t\t\t\t\t\t\t\t\t\t\t\t\t\t\n\n\t\t\t\t\t\t\t\t\t\t\t\t\t\t\t\t\t\t\t<div class=\"listing-desc\"><p>Test<\/p>\n<\/div>\n\t\t\t\t\t\t\n\n\t\t\t\t\t<\/ul>\n\n\t\t\t\t<\/div>\n\t\t\t<\/a>\n\t\t<\/li>\n\t\t\t<!-- Listing -->\n\t\t<li  data-longitude=\"\" data-latitude=\"\" data-color=\"#81d742\" data-title=\"Welder MIG \/ MAG\" data-image=\"https:\/\/lbuq03cutv-staging.onrocket.site\/wp-content\/uploads\/2018\/03\/placeholder.png\" data-company=\"\" data-address=\"\" data-job_type=\"&lt;span class=&quot;job-type full-time&quot;&gt;Full Time&lt;\/span&gt;\" data-job_id=\"186\" data-rate=\"\" data-salary=\"&lt;li&gt;&lt;i class=&quot;icon-material-outline-local-atm&quot;&gt;&lt;\/i&gt;                594,70            &lt;\/li&gt;\" data-job_type_class=\"full-time\" >\n\t\t\t<a href=\"https:\/\/jmconnect.nl\/pl\/?post_type=job_listing&#038;p=186\" class=\"left post-186 job_listing type-job_listing status-expired has-post-thumbnail hentry job_listing_type-full-time job_listing_tag-healthcare job-type-full-time\" data-longitude=\"\" data-latitude=\"\">\n\t\t\t\t<div class=\"listing-logo\">\n\t\t\t\t\t<img decoding=\"async\" class=\"company_logo\" src=\"\" alt=\"\" \/>\t\t\t\t<\/div>\n\t\t\t\t<div class=\"listing-title\">\n\t\t\t\t\t<h4>Welder MIG \/ MAG\t\t\t\t\t\t<div class=\"listing-types-list\"><span class=\"job-type full-time\">Full Time<\/span><\/div>\n\n\t\t\t\t\t<\/h4>\n\n\t\t\t\t\t<ul class=\"listing-icons\">\n\t\t\t\t\t\t\n\t\t\t\t\t\t\t\t\t\t\t\t\n\t\t\t\t\t\t\t\t\t\t\t\t\t<li><i class=\"icon-material-outline-location-on\"><\/i> Aalsmeer, Nederland<\/li>\n\t\t\t\t\t\t\n\t\t\t\t\t\t\n\t\t\t\t\t\t<li><i class=\"icon-material-outline-local-atm\"><\/i>                594,70            <\/li>\t\t\t\t\t\t\t\t\t\t\t\t\t\t\t\t\t\t\n\n\t\t\t\t\t\t\t\t\t\t\t\t\t\t\t\t\t\t\t<div class=\"listing-desc\"><p>Offer strategic and technical health and nutrition advice to headquarters and field staff, as well as training and coaching Telimed field health and nutrition staff in emergency (acute and chronic)&#8230;<\/p>\n<\/div>\n\t\t\t\t\t\t\n\n\t\t\t\t\t<\/ul>\n\n\t\t\t\t<\/div>\n\t\t\t<\/a>\n\t\t<\/li>\n\t\t\t<!-- Listing -->\n\t\t<li  data-longitude=\"10.7522454\" data-latitude=\"59.9138688\" data-color=\"#eeee22\" data-title=\"Warehouse Operative\" data-image=\"https:\/\/lbuq03cutv-staging.onrocket.site\/wp-content\/uploads\/2018\/03\/placeholder.png\" data-company=\"\" data-address=\"\" data-job_type=\"&lt;span class=&quot;job-type part-time&quot;&gt;Part Time&lt;\/span&gt;\" data-job_id=\"193\" data-rate=\"\" data-salary=\"\" data-job_type_class=\"part-time\" >\n\t\t\t<a href=\"https:\/\/jmconnect.nl\/pl\/job\/warehouse-operative\/\" class=\"left post-193 job_listing type-job_listing status-publish has-post-thumbnail hentry job_listing_category-cnc job_listing_type-part-time job-type-part-time\" data-longitude=\"10.7522454\" data-latitude=\"59.9138688\">\n\t\t\t\t<div class=\"listing-logo\">\n\t\t\t\t\t<img decoding=\"async\" class=\"company_logo\" src=\"\" alt=\"\" \/>\t\t\t\t<\/div>\n\t\t\t\t<div class=\"listing-title\">\n\t\t\t\t\t<h4>Warehouse Operative\t\t\t\t\t\t<div class=\"listing-types-list\"><span class=\"job-type part-time\">Part Time<\/span><\/div>\n\n\t\t\t\t\t<\/h4>\n\n\t\t\t\t\t<ul class=\"listing-icons\">\n\t\t\t\t\t\t\n\t\t\t\t\t\t\t\t\t\t\t\t\n\t\t\t\t\t\t\t\t\t\t\t\t\t<li><i class=\"icon-material-outline-location-on\"><\/i> Oslo, Norway<\/li>\n\t\t\t\t\t\t\n\t\t\t\t\t\t\n\t\t\t\t\t\t\t\t\t\t\t\t\t\t\t\t\t\t\t\t\t\t\t\t\n\n\t\t\t\t\t\t\t\t\t\t\t\t\t\t\t\t\t\t\t<div class=\"listing-desc\"><p>As a warehouse operative you&#8217;ll receive great benefits and incentives! You can be active around a warehouse or if you would you rather use your organisational skills at a workstation?&#8230;<\/p>\n<\/div>\n\t\t\t\t\t\t\n\n\t\t\t\t\t<\/ul>\n\n\t\t\t\t<\/div>\n\t\t\t<\/a>\n\t\t<\/li>\n\t\r\n            <\/ul>\n\r\n            \r\n            \r\n        <dialog class=\"jm-dialog\" id=\"jm_add_alert_modal\">\n\t<div class=\"jm-dialog-open\">\n\t\t<div class=\"jm-dialog-backdrop\" onclick=\"jm_add_alert_modal.close()\"><\/div>\n\t\t<div class=\"jm-dialog-modal \" style=\"width: 500px;\">\n\t\t\t<div class=\"jm-dialog-modal-container\">\n\t\t\t\t<div class=\"jm-dialog-modal-content\">\n<div class=\"jm-notice has-header\" role=\"status\">\n\t\t\t<div class=\"jm-notice__header\">\n\t\t\t\t\t\t<div class=\"jm-notice__title\">Dodaj Powiadomienie<\/div>\n\t\t<\/div>\n\t\t\t\t\t<div class=\"jm-notice__details\">\n<form method=\"post\" class=\"jm-form\" action=\"https:\/\/jmconnect.nl\/pl\/job-alerts\/\" method=\"post\">\n\t<input type=\"hidden\" id=\"_wpnonce\" name=\"_wpnonce\" value=\"9cd7361dd2\" \/><input type=\"hidden\" name=\"_wp_http_referer\" value=\"\/pl\/wp-json\/wp\/v2\/pages\/84\" \/>\t<input type=\"hidden\" name=\"submit-job-alert\" value=\"1\" \/>\n\t<div class=\"jm-form-large-field job-alert-keyword\">S\u0142owo kluczowe<\/div>\n\t<div class=\"job-alert-search-terms\" hidden><\/div>\n\n\t\n\t\t<p>Otrzymuj e-maile o nowych ofertach pracy odpowiadaj\u0105cych temu wyszukiwaniu.<\/p>\n\t\t<div class=\"jm-form-field\">\n\t\t\t<input type=\"email\" name=\"alert_email\" required autocomplete=\"email\"\n\t\t\t\tplaceholder=\"Adres e-mail\"\n\t\t\t\taria-label=\"Adres e-mail\" \/>\n\t\t<\/div>\n\t\n\n\t<div class=\"\">\n\t\t<label for=\"alert_frequency\">Cz\u0119stotliwo\u015b\u0107: <\/label>\n\t\t<select name=\"alert_frequency\" id=\"alert_frequency\" class=\"jm-form-input--inline\"><option\n\t\t\t\t\tvalue=\"daily\" >Codziennie<\/option><option\n\t\t\t\t\tvalue=\"weekly\" >Co tydzie\u0144<\/option><option\n\t\t\t\t\tvalue=\"fortnightly\" >Co dwa tygodnie<\/option><option\n\t\t\t\t\tvalue=\"monthly\" >Miesi\u0119cznie<\/option><\/select>\t<\/div>\n\n\t<div class=\"jm-form-field jm-form-fine-print\">\n\t\t\t\n\t\t\t\t<input type=\"checkbox\" class=\"input-checkbox\" name=\"alert_permission\" id=\"alert_permission\"\n\t\t\t\t\tvalue=\"1\" required  \/>\n\t\t\t\t<label for=\"alert_permission\">\n\t\t\t\tZgadzam si\u0119 na otrzymywanie e-maili powiadomie\u0144 o pracy.\n\t\t\t\t<\/label>\n\t<\/div>\n\n\t<input type=\"hidden\" name=\"submit-job-alert\" value=\"1\" \/>\n\t<input type=\"submit\" hidden \/>\n\n\t<div class=\"jm-ui-actions jm-ui-actions-row\">\n\t\t<a href=\"#\" class=\"jm-ui-button\"\n\t\t\t\t\t\tonclick=\"this.closest('form').querySelector('input[type=submit]').click(); return false;\"><span>Subskrybuj<\/span><\/a>\n\t\t<a href=\"#\" class=\"jm-ui-button--link\"\n\t\t\tonclick=\"jm_add_alert_modal.close(); event.preventDefault();\">Anuluj<\/a>\n\t<\/div>\n<\/form>\n<\/div>\n\t\t<\/div>\n<\/div>\n\t\t\t\t<a href=\"#\" role=\"button\" class=\"jm-ui-button--icon jm-dialog-close\" onclick=\"jm_add_alert_modal.close();  event.preventDefault();\" aria-label=\"Zamknij\"><span class=\"jm-ui-button__icon\"><\/span><\/a>\n\t\t\t<\/div>\n\t\t<\/div>\n\t<\/div>\n<\/dialog><\/div>\n","protected":false},"excerpt":{"rendered":"","protected":false},"author":2,"featured_media":0,"parent":0,"menu_order":0,"comment_status":"closed","ping_status":"closed","template":"template-jobs-no-map.php","meta":{"footnotes":""},"class_list":["post-84","page","type-page","status-publish","hentry"],"_links":{"self":[{"href":"https:\/\/jmconnect.nl\/pl\/wp-json\/wp\/v2\/pages\/84","targetHints":{"allow":["GET"]}}],"collection":[{"href":"https:\/\/jmconnect.nl\/pl\/wp-json\/wp\/v2\/pages"}],"about":[{"href":"https:\/\/jmconnect.nl\/pl\/wp-json\/wp\/v2\/types\/page"}],"author":[{"embeddable":true,"href":"https:\/\/jmconnect.nl\/pl\/wp-json\/wp\/v2\/users\/2"}],"replies":[{"embeddable":true,"href":"https:\/\/jmconnect.nl\/pl\/wp-json\/wp\/v2\/comments?post=84"}],"version-history":[{"count":0,"href":"https:\/\/jmconnect.nl\/pl\/wp-json\/wp\/v2\/pages\/84\/revisions"}],"wp:attachment":[{"href":"https:\/\/jmconnect.nl\/pl\/wp-json\/wp\/v2\/media?parent=84"}],"curies":[{"name":"wp","href":"https:\/\/api.w.org\/{rel}","templated":true}]}}